{"id":17,"date":"2012-07-26T23:02:04","date_gmt":"2012-07-26T21:02:04","guid":{"rendered":"http:\/\/www.alexandrafau.com\/fr\/?page_id=17"},"modified":"2012-08-24T23:56:15","modified_gmt":"2012-08-24T21:56:15","slug":"mode","status":"publish","type":"page","link":"http:\/\/www.alexandrafau.com\/fr\/mode\/","title":{"rendered":"LIVRES"},"content":{"rendered":"<p><strong>Alexandra Fau<\/strong> est auteur de deux ouvrages aux \u00e9ditions Ouest France<br \/>\n&#8220;Histoire des tissus en France&#8221; (avril 2006) et &#8220;Des m\u00e9tiers de la mode aux<br \/>\nmaisons d&#8217;art&#8221; (mars 2009).<\/p>\n<p style=\"text-align: left;\"><a href=\"http:\/\/www.alexandrafau.com\/fr\/wp-content\/uploads\/2012\/07\/CV_MetiersMode-copie.jpg\"><img loading=\"lazy\" decoding=\"async\" class=\"alignleft size-medium wp-image-43\" title=\"CV_MetiersMode:CV_ARTS_PREHISTORIQUES\" src=\"http:\/\/www.alexandrafau.com\/fr\/wp-content\/uploads\/2012\/07\/CV_MetiersMode-copie-224x300.jpg\" alt=\"\" width=\"224\" height=\"300\" srcset=\"http:\/\/www.alexandrafau.com\/fr\/wp-content\/uploads\/2012\/07\/CV_MetiersMode-copie-224x300.jpg 224w, http:\/\/www.alexandrafau.com\/fr\/wp-content\/uploads\/2012\/07\/CV_MetiersMode-copie-765x1024.jpg 765w, http:\/\/www.alexandrafau.com\/fr\/wp-content\/uploads\/2012\/07\/CV_MetiersMode-copie-300x401.jpg 300w, http:\/\/www.alexandrafau.com\/fr\/wp-content\/uploads\/2012\/07\/CV_MetiersMode-copie.jpg 1183w\" sizes=\"auto, (max-width: 224px) 100vw, 224px\" \/><\/a><\/p>\n<p style=\"text-align: left;\"><strong>&#8220;Des m\u00e9tiers de la mode aux maisons d&#8217;art&#8221;<\/strong><br \/>\nCe livre retrace l&#8217;histoire des faiseurs de mode, au talent incomparable pour agr\u00e9menter une parure ou tout simplement sublimer l&#8217;\u00e9toffe. Les c\u00e9l\u00e8bres maisons Michel (chapeaux), Massaro (chaussures), Lesage broderies), Causse (gants) ou Lemari\u00e9 (plumes), le plisseur Lognon et d\u00b9autres petits artisans qui travaillent dans l&#8217;ombre des grandes maisons decouture s&#8217;inspirent et revisitent les mille et une fantaisies de mode d&#8217;antan. Ils nous livrent dans cet ouvrage leur savoir-faire et leurs sources d&#8217;inspirations multiples.<\/p>\n<p><a href=\"http:\/\/www.amazon.fr\/Des-m%C3%A9tiers-mode-maisons-dart\/dp\/2737344972\" target=\"_blank\"> AMAZON<\/a><br \/>\n<a href=\"http:\/\/livre.fnac.com\/a2529508\/Alexandra-Fau-Histoire-des-petits-metiers-de-la-mode\" target=\"_blank\"> FNAC<\/a><\/p>\n<p>&nbsp;<\/p>\n<p>&nbsp;<\/p>\n<p><a href=\"http:\/\/www.alexandrafau.com\/fr\/wp-content\/uploads\/2012\/07\/nouvelle-maquette-hist-des-tissus-copie.jpg\"><img loading=\"lazy\" decoding=\"async\" class=\"alignleft size-medium wp-image-46\" title=\"CV_tissus_New.qxd:CV_ARTS_PREHISTORIQUES\" src=\"http:\/\/www.alexandrafau.com\/fr\/wp-content\/uploads\/2012\/07\/nouvelle-maquette-hist-des-tissus-copie-226x300.jpg\" alt=\"\" width=\"226\" height=\"300\" srcset=\"http:\/\/www.alexandrafau.com\/fr\/wp-content\/uploads\/2012\/07\/nouvelle-maquette-hist-des-tissus-copie-226x300.jpg 226w, http:\/\/www.alexandrafau.com\/fr\/wp-content\/uploads\/2012\/07\/nouvelle-maquette-hist-des-tissus-copie-773x1024.jpg 773w, http:\/\/www.alexandrafau.com\/fr\/wp-content\/uploads\/2012\/07\/nouvelle-maquette-hist-des-tissus-copie-300x397.jpg 300w, http:\/\/www.alexandrafau.com\/fr\/wp-content\/uploads\/2012\/07\/nouvelle-maquette-hist-des-tissus-copie.jpg 1359w\" sizes=\"auto, (max-width: 226px) 100vw, 226px\" \/><\/a><\/p>\n<p>&nbsp;<\/p>\n<p><strong>&#8220;Histoire des Tissus en France &#8220;<\/strong><br \/>\nCe livre s&#8217;adresse \u00e0 tous les amoureux du beau linge qui souhaitent conna\u00eetre les propri\u00e9t\u00e9s des fibres textiles, les techniqueset les productions de chaque r\u00e9gion ainsi que leurs usages dans la vie quotidienne. Du tissu d\u00b9apparat au tissu de labeur en passant par la tapisserie et les tentures d&#8217;int\u00e9rieur, cette histoire des textiles redonne vie \u00e0 la chair de l&#8217;\u00e9toffe.<\/p>\n<p><a href=\"http:\/\/www.amazon.fr\/Histoire-tissus-France-Alexandra-Fau\/dp\/2737350387\/ref=pd_bxgy_b_img_b\" target=\"_blank\"> AMAZON<\/a><br \/>\n<a href=\"http:\/\/livre.fnac.com\/a2795616\/Alexandra-Fau-Histoire-des-tissus-de-France\" target=\"_blank\"> FNAC<\/a><\/p>\n<p>&nbsp;<\/p>\n<p>&nbsp;<\/p>\n<p><a href=\"http:\/\/www.alexandrafau.com\/fr\/wp-content\/uploads\/2012\/07\/livre_des_arts_deco.jpg\"><img loading=\"lazy\" decoding=\"async\" class=\"size-medium wp-image-134 alignleft\" title=\"livre_des_arts_deco\" src=\"http:\/\/www.alexandrafau.com\/fr\/wp-content\/uploads\/2012\/07\/livre_des_arts_deco-211x300.jpg\" alt=\"\" width=\"211\" height=\"300\" srcset=\"http:\/\/www.alexandrafau.com\/fr\/wp-content\/uploads\/2012\/07\/livre_des_arts_deco-211x300.jpg 211w, http:\/\/www.alexandrafau.com\/fr\/wp-content\/uploads\/2012\/07\/livre_des_arts_deco-723x1024.jpg 723w, http:\/\/www.alexandrafau.com\/fr\/wp-content\/uploads\/2012\/07\/livre_des_arts_deco.jpg 1117w\" sizes=\"auto, (max-width: 211px) 100vw, 211px\" \/><\/a><\/p>\n<p>&nbsp;<\/p>\n<p><strong>L<em>\u2019Histoire de l\u2019\u00c9cole nationale sup\u00e9rieure des Arts D\u00e9coratifs (1941-2010<\/em>)<\/strong> est le second volume d\u2019une histoire riche et forte dont le premier volet (1766-1941) a \u00e9t\u00e9 publi\u00e9 en 2004. Cet ouvrage, co\u00e9dit\u00e9 par Archibooks et l\u2019\u00c9cole nationale sup\u00e9rieure des Arts D\u00e9coratifs, est le fruit de la collaboration entre Ren\u00e9 Lesn\u00e9, historien de l\u2019art et professeur \u00e0 l\u2019\u00c9cole et Alexandra Fau, journaliste et historienne de l\u2019art. Il retrace l\u2019histoire des diff\u00e9rentes \u00e9tapes de l\u2019\u00c9cole et des \u00e9volutions de son enseignement pour nous livrer, en creux, une histoire des arts d\u00e9coratifs au XXe si\u00e8cle, quand la d\u00e9coration devient design.<\/p>\n<p>&nbsp;<\/p>\n","protected":false},"excerpt":{"rendered":"<p>Alexandra Fau est auteur de deux ouvrages aux \u00e9ditions Ouest France &#8220;Histoire des tissus en France&#8221; (avril 2006) et &#8220;Des m\u00e9tiers de la mode aux maisons d&#8217;art&#8221; (mars 2009). &#8220;Des [&hellip;]<\/p>\n","protected":false},"author":1,"featured_media":0,"parent":0,"menu_order":0,"comment_status":"closed","ping_status":"closed","template":"","meta":{"footnotes":""},"class_list":["post-17","page","type-page","status-publish","hentry"],"jetpack_sharing_enabled":true,"jetpack_shortlink":"https:\/\/wp.me\/P2Gxt7-h","_links":{"self":[{"href":"http:\/\/www.alexandrafau.com\/fr\/wp-json\/wp\/v2\/pages\/17","targetHints":{"allow":["GET"]}}],"collection":[{"href":"http:\/\/www.alexandrafau.com\/fr\/wp-json\/wp\/v2\/pages"}],"about":[{"href":"http:\/\/www.alexandrafau.com\/fr\/wp-json\/wp\/v2\/types\/page"}],"author":[{"embeddable":true,"href":"http:\/\/www.alexandrafau.com\/fr\/wp-json\/wp\/v2\/users\/1"}],"replies":[{"embeddable":true,"href":"http:\/\/www.alexandrafau.com\/fr\/wp-json\/wp\/v2\/comments?post=17"}],"version-history":[{"count":10,"href":"http:\/\/www.alexandrafau.com\/fr\/wp-json\/wp\/v2\/pages\/17\/revisions"}],"predecessor-version":[{"id":44,"href":"http:\/\/www.alexandrafau.com\/fr\/wp-json\/wp\/v2\/pages\/17\/revisions\/44"}],"wp:attachment":[{"href":"http:\/\/www.alexandrafau.com\/fr\/wp-json\/wp\/v2\/media?parent=17"}],"curies":[{"name":"wp","href":"https:\/\/api.w.org\/{rel}","templated":true}]}}