{"id":15,"date":"2012-07-26T23:01:37","date_gmt":"2012-07-26T21:01:37","guid":{"rendered":"http:\/\/www.alexandrafau.com\/fr\/?page_id=15"},"modified":"2022-02-15T16:34:01","modified_gmt":"2022-02-15T14:34:01","slug":"conference","status":"publish","type":"page","link":"http:\/\/www.alexandrafau.com\/fr\/conference\/","title":{"rendered":"Conf\u00e9rence"},"content":{"rendered":"<p>Alexandra Fau est professeur d&#8217;histoire de l&#8217;art \u00e0 la pr\u00e9pa des Beaux-arts de la Ville de Paris.<br \/>\nElle donne r\u00e9guli\u00e8rement des conf\u00e9rences au Mus\u00e9e Macval, \u00e0 Drouot Formation, au Frac Orl\u00e9ans, au Paris College of Art et dans plusieurs \u00e9coles et centres d&#8217;art autour de th\u00e9matiques transverses.<\/p>\n","protected":false},"excerpt":{"rendered":"<p>Alexandra Fau est professeur d&#8217;histoire de l&#8217;art \u00e0 la pr\u00e9pa des Beaux-arts de la Ville de Paris. Elle donne r\u00e9guli\u00e8rement des conf\u00e9rences au Mus\u00e9e Macval, \u00e0 Drouot Formation, au Frac [&hellip;]<\/p>\n","protected":false},"author":1,"featured_media":111,"parent":0,"menu_order":0,"comment_status":"closed","ping_status":"closed","template":"template-full-width.php","meta":{"footnotes":""},"class_list":["post-15","page","type-page","status-publish","has-post-thumbnail","hentry"],"jetpack_sharing_enabled":true,"jetpack_shortlink":"https:\/\/wp.me\/P2Gxt7-f","_links":{"self":[{"href":"http:\/\/www.alexandrafau.com\/fr\/wp-json\/wp\/v2\/pages\/15","targetHints":{"allow":["GET"]}}],"collection":[{"href":"http:\/\/www.alexandrafau.com\/fr\/wp-json\/wp\/v2\/pages"}],"about":[{"href":"http:\/\/www.alexandrafau.com\/fr\/wp-json\/wp\/v2\/types\/page"}],"author":[{"embeddable":true,"href":"http:\/\/www.alexandrafau.com\/fr\/wp-json\/wp\/v2\/users\/1"}],"replies":[{"embeddable":true,"href":"http:\/\/www.alexandrafau.com\/fr\/wp-json\/wp\/v2\/comments?post=15"}],"version-history":[{"count":10,"href":"http:\/\/www.alexandrafau.com\/fr\/wp-json\/wp\/v2\/pages\/15\/revisions"}],"predecessor-version":[{"id":729,"href":"http:\/\/www.alexandrafau.com\/fr\/wp-json\/wp\/v2\/pages\/15\/revisions\/729"}],"wp:featuredmedia":[{"embeddable":true,"href":"http:\/\/www.alexandrafau.com\/fr\/wp-json\/wp\/v2\/media\/111"}],"wp:attachment":[{"href":"http:\/\/www.alexandrafau.com\/fr\/wp-json\/wp\/v2\/media?parent=15"}],"curies":[{"name":"wp","href":"https:\/\/api.w.org\/{rel}","templated":true}]}}