{"id":113,"date":"2012-08-24T15:33:17","date_gmt":"2012-08-24T13:33:17","guid":{"rendered":"http:\/\/www.alexandrafau.com\/fr\/?page_id=113"},"modified":"2022-02-15T16:30:34","modified_gmt":"2022-02-15T14:30:34","slug":"trajectoires-dartistes","status":"publish","type":"page","link":"http:\/\/www.alexandrafau.com\/fr\/conference\/trajectoires-dartistes\/","title":{"rendered":"Trajectoires d&#8217;artistes"},"content":{"rendered":"<p>Que nous disent les \u0153uvres de jeunesse des grands peintres de l\u2019Histoire de l\u2019Art, de l\u2019influence de leurs ma\u00eetres, des affinit\u00e9s et de la construction d\u2019un parcours artistique ? La soci\u00e9t\u00e9 porte aujourd\u2019hui un regard attentif \u00e0 la jeune cr\u00e9ation cherchant \u00e0 d\u00e9celer tr\u00e8s t\u00f4t les talents de demain, au risque d\u2019enfermer l\u2019artiste dans un syst\u00e8me dont la production serait attendue. Ce cycle de cours montre les al\u00e9as de la cr\u00e9ation, ses revirements et parfois le passage par la destruction comme modalit\u00e9 de cr\u00e9ation.<\/p>\n<p>Des actes iconoclastes<br \/>\nCertains artistes proc\u00e8dent eux-m\u00eames \u00e0 leur autodaf\u00e9 par insatisfaction ou volont\u00e9 de faire table rase du pass\u00e9. Persuad\u00e9 de son incapacit\u00e9 \u00e0 exprimer sa vision du monde, Francis Bacon d\u00e9truit les peintures r\u00e9alis\u00e9es vers 1944. De m\u00eame ses productions de meubles sont rest\u00e9es confidentielles jusqu\u2019\u00e0 ce que l\u2019artiste anglais Simon Starling s\u2019y int\u00e9resse. L\u2019Am\u00e9ricain John Baldessari br\u00fbla en 1970 une partie de sa production picturale afin d\u2019en cr\u00e9er une nouvelle \u00e0 partir des cendres, symbolisant le lien entre cr\u00e9ation artistique et cycle de vie humaine.<\/p>\n<p>Les pr\u00e9mices du talent<br \/>\nComme pour mieux d\u00e9crypter le parcours d\u2019un artiste, certaines expositions reviennent sur les \u0153uvres souvent m\u00e9connues des d\u00e9buts. La r\u00e9cente exposition de Friburg en Suisse \u00ab Holes in the Walls, Early Works 1948-2013 \u00bb permettait de d\u00e9couvrir la premi\u00e8re \u0153uvre Jean Tinguely alors artiste et d\u00e9corateur. \u00ab 14 rooms \u00bb \u00e0 B\u00e2le \u00bb (2014) r\u00e9activait la d\u00e9sopilante \u0153uvre perform\u00e9e de Damien Hirst avec deux jumeaux (L\u00e9onard et Michel-Ange) dessinant sous deux spot paintings (1992). L\u2019\u00e9cart entre les \u0153uvres de jeunesse et la production plus tardive peut se r\u00e9v\u00e9ler parfois saisissant (Jean-Michel Othoniel).<\/p>\n","protected":false},"excerpt":{"rendered":"<p>Que nous disent les \u0153uvres de jeunesse des grands peintres de l\u2019Histoire de l\u2019Art, de l\u2019influence de leurs ma\u00eetres, des affinit\u00e9s et de la construction d\u2019un parcours artistique ? La [&hellip;]<\/p>\n","protected":false},"author":2,"featured_media":0,"parent":15,"menu_order":0,"comment_status":"closed","ping_status":"closed","template":"template-full-width.php","meta":{"footnotes":""},"class_list":["post-113","page","type-page","status-publish","hentry"],"jetpack_sharing_enabled":true,"jetpack_shortlink":"https:\/\/wp.me\/P2Gxt7-1P","_links":{"self":[{"href":"http:\/\/www.alexandrafau.com\/fr\/wp-json\/wp\/v2\/pages\/113","targetHints":{"allow":["GET"]}}],"collection":[{"href":"http:\/\/www.alexandrafau.com\/fr\/wp-json\/wp\/v2\/pages"}],"about":[{"href":"http:\/\/www.alexandrafau.com\/fr\/wp-json\/wp\/v2\/types\/page"}],"author":[{"embeddable":true,"href":"http:\/\/www.alexandrafau.com\/fr\/wp-json\/wp\/v2\/users\/2"}],"replies":[{"embeddable":true,"href":"http:\/\/www.alexandrafau.com\/fr\/wp-json\/wp\/v2\/comments?post=113"}],"version-history":[{"count":7,"href":"http:\/\/www.alexandrafau.com\/fr\/wp-json\/wp\/v2\/pages\/113\/revisions"}],"predecessor-version":[{"id":727,"href":"http:\/\/www.alexandrafau.com\/fr\/wp-json\/wp\/v2\/pages\/113\/revisions\/727"}],"up":[{"embeddable":true,"href":"http:\/\/www.alexandrafau.com\/fr\/wp-json\/wp\/v2\/pages\/15"}],"wp:attachment":[{"href":"http:\/\/www.alexandrafau.com\/fr\/wp-json\/wp\/v2\/media?parent=113"}],"curies":[{"name":"wp","href":"https:\/\/api.w.org\/{rel}","templated":true}]}}