{"id":11,"date":"2012-07-26T23:00:49","date_gmt":"2012-07-26T21:00:49","guid":{"rendered":"http:\/\/www.alexandrafau.com\/fr\/?page_id=11"},"modified":"2023-01-03T13:21:01","modified_gmt":"2023-01-03T11:21:01","slug":"curator","status":"publish","type":"page","link":"http:\/\/www.alexandrafau.com\/fr\/curator\/","title":{"rendered":"CURATOR"},"content":{"rendered":"<p>Alexandra Fau est commissaire d\u2019expositions, critique d\u2019art et enseignante en histoire de l\u2019art. Elle a organis\u00e9 plusieurs expositions \u00e0 la convergence de l&#8217;art et de l&#8217;architecture (\u00ab&nbsp;Architecture invisible&nbsp;?#1, Immanence &#8211; 2013, \u00ab Architecture au corps \u00bb galerie Anton Weller &#8211; 2007), de l&#8217;art et du design (\u00ab&nbsp;la tyrannie des objets&nbsp;\u00bb, galerie des galeries aux Galeries Lafayette &#8211; 2013). La question de la narration est \u00e9galement tr\u00e8s pr\u00e9sente dans chacun de ses projets (\u00ab Micro-fictions \u00bb \u00e0 FABRIKculture durant Artbasel juin 2010, \u00ab&nbsp;l\u2019arch\u00e9ologie, un mythe contemporain&nbsp;\u00bb \u00e0 la T\u00f4lerie de Clermont-Ferrand \u2013 2012). Pr\u00e9sente en France comme \u00e0 l&#8217;\u00e9tranger, elle sait donner une visibilit\u00e9 et une actualit\u00e9 \u00e0 ses projets (en Russie \u00ab Philosophers and workers \u00bb, Moscou \u2013 ann\u00e9e France-Russie 2010, projet sp\u00e9cial avec Electronic Shadow (&#8220;Chaos Theory&#8221;) pour la Biennale de Moscou &#8211; 2011, &#8220;The Contemporary French painting, combinations of history&#8221; au centre d\u2019art de Permm -2012 revisit\u00e9 avec &#8220;Inciser le temps&#8221; \u00e0 Vitry en 2019). Elle part en 2015 en qu\u00eate de la galeriste et collectionneuse Virginia Dwan (avec le soutien de l&#8217;Institut fran\u00e7ais) qui donnera lieu \u00e0 l&#8217;exposition \u00ab Fertile Lands \u00bb (Fondation Ricard) et \u00e0 la projection \u00ab R\u00eave de pierres&nbsp;\u00bb (Centre Pompidou). La m\u00eame ann\u00e9e, elle&nbsp;remporte la bourse de recherche curatoriale du CNAP pour son projet &#8220;Introduction et amplification du vivant dans les collections du CNAP depuis les ann\u00e9es 60&#8221;. Elle r\u00e9alise actuellement une recherche sur les ann\u00e9es alg\u00e9riennes de Fernand Pouillon dans le cadre de la R\u00e9sidence Sur-Mesure Plus de l&#8217;Institut Fran\u00e7ais. Elle est en charge parall\u00e8lement de la programmation in-situ chez Fabre depuis 2018.<\/p>\n","protected":false},"excerpt":{"rendered":"<p>Alexandra Fau est commissaire d\u2019expositions, critique d\u2019art et enseignante en histoire de l\u2019art. Elle a organis\u00e9 plusieurs expositions \u00e0 la convergence de l&#8217;art et de l&#8217;architecture (\u00ab&nbsp;Architecture invisible&nbsp;?#1, Immanence &#8211; [&hellip;]<\/p>\n","protected":false},"author":1,"featured_media":754,"parent":0,"menu_order":0,"comment_status":"closed","ping_status":"closed","template":"template-full-width.php","meta":{"footnotes":""},"class_list":["post-11","page","type-page","status-publish","has-post-thumbnail","hentry"],"jetpack_sharing_enabled":true,"jetpack_shortlink":"https:\/\/wp.me\/P2Gxt7-b","_links":{"self":[{"href":"http:\/\/www.alexandrafau.com\/fr\/wp-json\/wp\/v2\/pages\/11","targetHints":{"allow":["GET"]}}],"collection":[{"href":"http:\/\/www.alexandrafau.com\/fr\/wp-json\/wp\/v2\/pages"}],"about":[{"href":"http:\/\/www.alexandrafau.com\/fr\/wp-json\/wp\/v2\/types\/page"}],"author":[{"embeddable":true,"href":"http:\/\/www.alexandrafau.com\/fr\/wp-json\/wp\/v2\/users\/1"}],"replies":[{"embeddable":true,"href":"http:\/\/www.alexandrafau.com\/fr\/wp-json\/wp\/v2\/comments?post=11"}],"version-history":[{"count":10,"href":"http:\/\/www.alexandrafau.com\/fr\/wp-json\/wp\/v2\/pages\/11\/revisions"}],"predecessor-version":[{"id":761,"href":"http:\/\/www.alexandrafau.com\/fr\/wp-json\/wp\/v2\/pages\/11\/revisions\/761"}],"wp:featuredmedia":[{"embeddable":true,"href":"http:\/\/www.alexandrafau.com\/fr\/wp-json\/wp\/v2\/media\/754"}],"wp:attachment":[{"href":"http:\/\/www.alexandrafau.com\/fr\/wp-json\/wp\/v2\/media?parent=11"}],"curies":[{"name":"wp","href":"https:\/\/api.w.org\/{rel}","templated":true}]}}